{"id":209,"date":"2022-09-19T07:26:48","date_gmt":"2022-09-19T12:26:48","guid":{"rendered":"https:\/\/markermedia.co\/demo\/exporttrading\/?page_id=209"},"modified":"2022-09-19T07:30:43","modified_gmt":"2022-09-19T12:30:43","slug":"documentacion","status":"publish","type":"page","link":"https:\/\/exporttradingsas.com\/index.php\/documentacion\/","title":{"rendered":"Documentaci\u00f3n"},"content":{"rendered":"\t\t<div data-elementor-type=\"wp-page\" data-elementor-id=\"209\" class=\"elementor elementor-209\">\n\t\t\t\t\t\t\t\t\t<section class=\"elementor-section elementor-top-section elementor-element elementor-element-6a58c740 elementor-reverse-mobile elementor-section-boxed elementor-section-height-default elementor-section-height-default\" data-id=\"6a58c740\" data-element_type=\"section\">\n\t\t\t\t\t\t<div class=\"elementor-container elementor-column-gap-default\">\n\t\t\t\t\t<div class=\"elementor-column elementor-col-50 elementor-top-column elementor-element elementor-element-25669d4c\" data-id=\"25669d4c\" data-element_type=\"column\">\n\t\t\t<div class=\"elementor-widget-wrap elementor-element-populated\">\n\t\t\t\t\t\t\t\t<div class=\"elementor-element elementor-element-601e8c8b elementor-widget elementor-widget-heading\" data-id=\"601e8c8b\" data-element_type=\"widget\" data-widget_type=\"heading.default\">\n\t\t\t\t<div class=\"elementor-widget-container\">\n\t\t\t<style>\/*! elementor - v3.7.6 - 15-09-2022 *\/\n.elementor-heading-title{padding:0;margin:0;line-height:1}.elementor-widget-heading .elementor-heading-title[class*=elementor-size-]>a{color:inherit;font-size:inherit;line-height:inherit}.elementor-widget-heading .elementor-heading-title.elementor-size-small{font-size:15px}.elementor-widget-heading .elementor-heading-title.elementor-size-medium{font-size:19px}.elementor-widget-heading .elementor-heading-title.elementor-size-large{font-size:29px}.elementor-widget-heading .elementor-heading-title.elementor-size-xl{font-size:39px}.elementor-widget-heading .elementor-heading-title.elementor-size-xxl{font-size:59px}<\/style><h3 class=\"elementor-heading-title elementor-size-default\">Sobre nosotros<\/h3>\t\t<\/div>\n\t\t\t\t<\/div>\n\t\t\t\t<div class=\"elementor-element elementor-element-5718a881 elementor-widget elementor-widget-heading\" data-id=\"5718a881\" data-element_type=\"widget\" data-widget_type=\"heading.default\">\n\t\t\t\t<div class=\"elementor-widget-container\">\n\t\t\t<h2 class=\"elementor-heading-title elementor-size-default\">Documentaci\u00f3n y proceso de compra<\/h2>\t\t<\/div>\n\t\t\t\t<\/div>\n\t\t\t\t<div class=\"elementor-element elementor-element-564d9c96 elementor-widget elementor-widget-text-editor\" data-id=\"564d9c96\" data-element_type=\"widget\" data-widget_type=\"text-editor.default\">\n\t\t\t\t<div class=\"elementor-widget-container\">\n\t\t\t<style>\/*! elementor - v3.7.6 - 15-09-2022 *\/\n.elementor-widget-text-editor.elementor-drop-cap-view-stacked .elementor-drop-cap{background-color:#818a91;color:#fff}.elementor-widget-text-editor.elementor-drop-cap-view-framed .elementor-drop-cap{color:#818a91;border:3px solid;background-color:transparent}.elementor-widget-text-editor:not(.elementor-drop-cap-view-default) .elementor-drop-cap{margin-top:8px}.elementor-widget-text-editor:not(.elementor-drop-cap-view-default) .elementor-drop-cap-letter{width:1em;height:1em}.elementor-widget-text-editor .elementor-drop-cap{float:left;text-align:center;line-height:1;font-size:50px}.elementor-widget-text-editor .elementor-drop-cap-letter{display:inline-block}<\/style>\t\t\t\t<p>La documentaci\u00f3n que se entrega es seg\u00fan la necesidad del cliente la cual es generalmente: <strong>FACTURA PROFORMA ,FACTURA COMERCIAL CIF ,LISTA DE EMPAQUE , BL , CERTIFICADO DE INVIMA,CERTIFICADO FITOSANITARIO DE LA CARGA APROBADO EN PUERTO POR INVIMA,FICHA TECNICA , CERTIFICADO DE ORIGEN,CERTIFICADO DE SEGURO,<\/strong> ENTRE OTROS DEPENDIENDO EL PAIS DE DESTINO.<\/p>\t\t\t\t\t\t<\/div>\n\t\t\t\t<\/div>\n\t\t\t\t<div class=\"elementor-element elementor-element-d8297d7 elementor-widget elementor-widget-text-editor\" data-id=\"d8297d7\" data-element_type=\"widget\" data-widget_type=\"text-editor.default\">\n\t\t\t\t<div class=\"elementor-widget-container\">\n\t\t\t\t\t\t\t<p>Para iniciar tramite de compra con nuestra compa\u00f1\u00eda iniciamos con una cotizaci\u00f3n previa enviada a trav\u00e9s de la proforma comercial la cual varia dependiendo de la necesidad del cliente y\u00a0 la fecha de compra por tema de cosechas ,TRM , cantidad solicitada , proceso del producto solicitado, t\u00e9rminos de negociaci\u00f3n(fob ,cif, ddp entre otros) y formas de\u00a0 pago adem\u00e1s de su transporte y aduana ,una vez esta sea aprobada el cliente procede a enviar los fondos a trav\u00e9s del banco para su soporte legal de la transacci\u00f3n, desde el inicio hasta el proceso de cargue el cliente es informado de todo el proceso, la carga tardando aproximado desde 30 d\u00edas a 90 d\u00edas para la llegada en destino de su carga v\u00eda mar\u00edtima, si la cantidad es m\u00ednima y el despacho es a\u00e9reo los valores aumentan considerablemente.<\/p>\t\t\t\t\t\t<\/div>\n\t\t\t\t<\/div>\n\t\t\t\t\t<\/div>\n\t\t<\/div>\n\t\t\t\t<div class=\"elementor-column elementor-col-50 elementor-top-column elementor-element elementor-element-993bc3b\" data-id=\"993bc3b\" data-element_type=\"column\">\n\t\t\t<div class=\"elementor-widget-wrap elementor-element-populated\">\n\t\t\t\t\t\t\t\t<div class=\"elementor-element elementor-element-8b0535f elementor-widget elementor-widget-image\" data-id=\"8b0535f\" data-element_type=\"widget\" data-widget_type=\"image.default\">\n\t\t\t\t<div class=\"elementor-widget-container\">\n\t\t\t<style>\/*! elementor - v3.7.6 - 15-09-2022 *\/\n.elementor-widget-image{text-align:center}.elementor-widget-image a{display:inline-block}.elementor-widget-image a img[src$=\".svg\"]{width:48px}.elementor-widget-image img{vertical-align:middle;display:inline-block}<\/style>\t\t\t\t\t\t\t\t\t\t\t\t<img loading=\"lazy\" decoding=\"async\" width=\"653\" height=\"980\" src=\"https:\/\/exporttradingsas.com\/wp-content\/uploads\/2022\/09\/documentacion.png\" class=\"attachment-large size-large\" alt=\"\" srcset=\"https:\/\/exporttradingsas.com\/wp-content\/uploads\/2022\/09\/documentacion.png 653w, https:\/\/exporttradingsas.com\/wp-content\/uploads\/2022\/09\/documentacion-200x300.png 200w\" sizes=\"auto, (max-width: 653px) 100vw, 653px\" \/>\t\t\t\t\t\t\t\t\t\t\t\t\t\t\t<\/div>\n\t\t\t\t<\/div>\n\t\t\t\t\t<\/div>\n\t\t<\/div>\n\t\t\t\t\t\t\t<\/div>\n\t\t<\/section>\n\t\t\t\t\t\t\t<\/div>\n\t\t","protected":false},"excerpt":{"rendered":"<p>Sobre nosotros Documentaci\u00f3n y proceso de compra La documentaci\u00f3n que se entrega es seg\u00fan la necesidad del cliente la cual es generalmente: FACTURA PROFORMA ,FACTURA COMERCIAL CIF ,LISTA DE EMPAQUE , BL , CERTIFICADO DE INVIMA,CERTIFICADO FITOSANITARIO DE LA CARGA APROBADO EN PUERTO POR INVIMA,FICHA TECNICA , CERTIFICADO DE ORIGEN,CERTIFICADO DE SEGURO, ENTRE OTROS DEPENDIENDO &hellip;<\/p>\n<p class=\"read-more\"> <a class=\"\" href=\"https:\/\/exporttradingsas.com\/index.php\/documentacion\/\"> <span class=\"screen-reader-text\">Documentaci\u00f3n<\/span> Leer m\u00e1s &raquo;<\/a><\/p>\n","protected":false},"author":1,"featured_media":0,"parent":0,"menu_order":0,"comment_status":"closed","ping_status":"closed","template":"","meta":{"site-sidebar-layout":"no-sidebar","site-content-layout":"page-builder","ast-global-header-display":"","ast-main-header-display":"","ast-hfb-above-header-display":"","ast-hfb-below-header-display":"","ast-hfb-mobile-header-display":"","site-post-title":"disabled","ast-breadcrumbs-content":"","ast-featured-img":"disabled","footer-sml-layout":"","theme-transparent-header-meta":"","adv-header-id-meta":"","stick-header-meta":"","header-above-stick-meta":"","header-main-stick-meta":"","header-below-stick-meta":"","footnotes":""},"class_list":["post-209","page","type-page","status-publish","hentry"],"_links":{"self":[{"href":"https:\/\/exporttradingsas.com\/index.php\/wp-json\/wp\/v2\/pages\/209","targetHints":{"allow":["GET"]}}],"collection":[{"href":"https:\/\/exporttradingsas.com\/index.php\/wp-json\/wp\/v2\/pages"}],"about":[{"href":"https:\/\/exporttradingsas.com\/index.php\/wp-json\/wp\/v2\/types\/page"}],"author":[{"embeddable":true,"href":"https:\/\/exporttradingsas.com\/index.php\/wp-json\/wp\/v2\/users\/1"}],"replies":[{"embeddable":true,"href":"https:\/\/exporttradingsas.com\/index.php\/wp-json\/wp\/v2\/comments?post=209"}],"version-history":[{"count":4,"href":"https:\/\/exporttradingsas.com\/index.php\/wp-json\/wp\/v2\/pages\/209\/revisions"}],"predecessor-version":[{"id":215,"href":"https:\/\/exporttradingsas.com\/index.php\/wp-json\/wp\/v2\/pages\/209\/revisions\/215"}],"wp:attachment":[{"href":"https:\/\/exporttradingsas.com\/index.php\/wp-json\/wp\/v2\/media?parent=209"}],"curies":[{"name":"wp","href":"https:\/\/api.w.org\/{rel}","templated":true}]}}